{"id":1043,"date":"2025-03-03T07:54:29","date_gmt":"2025-03-03T06:54:29","guid":{"rendered":"https:\/\/www.lacoloniadecarmela.com\/les-colonies-de-casetes\/"},"modified":"2025-06-24T12:07:55","modified_gmt":"2025-06-24T10:07:55","slug":"les-colonies-de-casetes","status":"publish","type":"page","link":"https:\/\/www.lacoloniadecarmela.com\/val\/les-colonies-de-casetes\/","title":{"rendered":"Les col\u00f2nies de casetes"},"content":{"rendered":"\t\t<div data-elementor-type=\"wp-page\" data-elementor-id=\"1043\" class=\"elementor elementor-1043 elementor-444\" data-elementor-post-type=\"page\">\n\t\t\t\t<div class=\"elementor-element elementor-element-03df3e4 e-con-full e-flex e-con e-parent\" data-id=\"03df3e4\" data-element_type=\"container\" data-e-type=\"container\" data-settings=\"{&quot;background_background&quot;:&quot;classic&quot;}\">\n\t\t<div class=\"elementor-element elementor-element-465a1c9 e-con-full e-flex e-con e-child\" data-id=\"465a1c9\" data-element_type=\"container\" data-e-type=\"container\" data-settings=\"{&quot;background_background&quot;:&quot;classic&quot;}\">\n\t\t\t\t<div class=\"elementor-element elementor-element-712bfc6 elementor-widget elementor-widget-gallery\" data-id=\"712bfc6\" data-element_type=\"widget\" data-e-type=\"widget\" data-settings=\"{&quot;ideal_row_height&quot;:{&quot;unit&quot;:&quot;px&quot;,&quot;size&quot;:253,&quot;sizes&quot;:[]},&quot;ideal_row_height_tablet&quot;:{&quot;unit&quot;:&quot;px&quot;,&quot;size&quot;:164,&quot;sizes&quot;:[]},&quot;gap&quot;:{&quot;unit&quot;:&quot;px&quot;,&quot;size&quot;:16,&quot;sizes&quot;:[]},&quot;image_hover_animation&quot;:&quot;grow&quot;,&quot;gallery_layout&quot;:&quot;justified&quot;,&quot;content_sequenced_animation&quot;:&quot;yes&quot;,&quot;lazyload&quot;:&quot;yes&quot;,&quot;ideal_row_height_mobile&quot;:{&quot;unit&quot;:&quot;px&quot;,&quot;size&quot;:150,&quot;sizes&quot;:[]},&quot;gap_tablet&quot;:{&quot;unit&quot;:&quot;px&quot;,&quot;size&quot;:10,&quot;sizes&quot;:[]},&quot;gap_mobile&quot;:{&quot;unit&quot;:&quot;px&quot;,&quot;size&quot;:10,&quot;sizes&quot;:[]},&quot;link_to&quot;:&quot;file&quot;,&quot;overlay_background&quot;:&quot;yes&quot;,&quot;content_hover_animation&quot;:&quot;fade-in&quot;}\" data-widget_type=\"gallery.default\">\n\t\t\t\t<div class=\"elementor-widget-container\">\n\t\t\t\t\t\t\t<div class=\"elementor-gallery__container\">\n\t\t\t\t\t\t\t<a class=\"e-gallery-item elementor-gallery-item elementor-animated-content\" href=\"https:\/\/www.lacoloniadecarmela.com\/wp-content\/uploads\/2025\/02\/freepik_1-scaled.jpg\" data-elementor-open-lightbox=\"yes\" data-elementor-lightbox-slideshow=\"712bfc6\" data-elementor-lightbox-title=\"freepik_1\" data-e-action-hash=\"#elementor-action%3Aaction%3Dlightbox%26settings%3DeyJpZCI6MzkwLCJ1cmwiOiJodHRwczpcL1wvd3d3LmxhY29sb25pYWRlY2FybWVsYS5jb21cL3dwLWNvbnRlbnRcL3VwbG9hZHNcLzIwMjVcLzAyXC9mcmVlcGlrXzEtc2NhbGVkLmpwZyIsInNsaWRlc2hvdyI6IjcxMmJmYzYifQ%3D%3D\">\n\t\t\t\t\t<div class=\"e-gallery-image elementor-gallery-item__image\" data-thumbnail=\"https:\/\/www.lacoloniadecarmela.com\/wp-content\/uploads\/2025\/02\/freepik_1-scaled.jpg\" data-width=\"1702\" data-height=\"2560\" aria-label=\"\" role=\"img\" ><\/div>\n\t\t\t\t\t\t\t\t\t\t\t<div class=\"elementor-gallery-item__overlay\"><\/div>\n\t\t\t\t\t\t\t\t\t\t\t\t\t\t<\/a>\n\t\t\t\t\t\t\t<a class=\"e-gallery-item elementor-gallery-item elementor-animated-content\" href=\"https:\/\/www.lacoloniadecarmela.com\/wp-content\/uploads\/2025\/02\/freepik_6-scaled-e1741179138567.jpg\" data-elementor-open-lightbox=\"yes\" data-elementor-lightbox-slideshow=\"712bfc6\" data-elementor-lightbox-title=\"freepik_6\" data-e-action-hash=\"#elementor-action%3Aaction%3Dlightbox%26settings%3DeyJpZCI6Mzk1LCJ1cmwiOiJodHRwczpcL1wvd3d3LmxhY29sb25pYWRlY2FybWVsYS5jb21cL3dwLWNvbnRlbnRcL3VwbG9hZHNcLzIwMjVcLzAyXC9mcmVlcGlrXzYtc2NhbGVkLWUxNzQxMTc5MTM4NTY3LmpwZyIsInNsaWRlc2hvdyI6IjcxMmJmYzYifQ%3D%3D\">\n\t\t\t\t\t<div class=\"e-gallery-image elementor-gallery-item__image\" data-thumbnail=\"https:\/\/www.lacoloniadecarmela.com\/wp-content\/uploads\/2025\/02\/freepik_6-scaled-e1741179138567.jpg\" data-width=\"1792\" data-height=\"1190\" aria-label=\"\" role=\"img\" ><\/div>\n\t\t\t\t\t\t\t\t\t\t\t<div class=\"elementor-gallery-item__overlay\"><\/div>\n\t\t\t\t\t\t\t\t\t\t\t\t\t\t<\/a>\n\t\t\t\t\t\t\t<a class=\"e-gallery-item elementor-gallery-item elementor-animated-content\" href=\"https:\/\/www.lacoloniadecarmela.com\/wp-content\/uploads\/2025\/02\/freepik_4.jpg\" data-elementor-open-lightbox=\"yes\" data-elementor-lightbox-slideshow=\"712bfc6\" data-elementor-lightbox-title=\"freepik_4\" data-e-action-hash=\"#elementor-action%3Aaction%3Dlightbox%26settings%3DeyJpZCI6MzkzLCJ1cmwiOiJodHRwczpcL1wvd3d3LmxhY29sb25pYWRlY2FybWVsYS5jb21cL3dwLWNvbnRlbnRcL3VwbG9hZHNcLzIwMjVcLzAyXC9mcmVlcGlrXzQuanBnIiwic2xpZGVzaG93IjoiNzEyYmZjNiJ9\">\n\t\t\t\t\t<div class=\"e-gallery-image elementor-gallery-item__image\" data-thumbnail=\"https:\/\/www.lacoloniadecarmela.com\/wp-content\/uploads\/2025\/02\/freepik_4.jpg\" data-width=\"1800\" data-height=\"1202\" aria-label=\"\" role=\"img\" ><\/div>\n\t\t\t\t\t\t\t\t\t\t\t<div class=\"elementor-gallery-item__overlay\"><\/div>\n\t\t\t\t\t\t\t\t\t\t\t\t\t\t<\/a>\n\t\t\t\t\t\t\t<a class=\"e-gallery-item elementor-gallery-item elementor-animated-content\" href=\"https:\/\/www.lacoloniadecarmela.com\/wp-content\/uploads\/2025\/02\/colonias_carmela_3-e1740985566879.jpg\" data-elementor-open-lightbox=\"yes\" data-elementor-lightbox-slideshow=\"712bfc6\" data-elementor-lightbox-title=\"colonias_carmela_3\" data-e-action-hash=\"#elementor-action%3Aaction%3Dlightbox%26settings%3DeyJpZCI6MzgyLCJ1cmwiOiJodHRwczpcL1wvd3d3LmxhY29sb25pYWRlY2FybWVsYS5jb21cL3dwLWNvbnRlbnRcL3VwbG9hZHNcLzIwMjVcLzAyXC9jb2xvbmlhc19jYXJtZWxhXzMtZTE3NDA5ODU1NjY4NzkuanBnIiwic2xpZGVzaG93IjoiNzEyYmZjNiJ9\">\n\t\t\t\t\t<div class=\"e-gallery-image elementor-gallery-item__image\" data-thumbnail=\"https:\/\/www.lacoloniadecarmela.com\/wp-content\/uploads\/2025\/02\/colonias_carmela_3-e1740985566879.jpg\" data-width=\"1800\" data-height=\"1380\" aria-label=\"\" role=\"img\" ><\/div>\n\t\t\t\t\t\t\t\t\t\t\t<div class=\"elementor-gallery-item__overlay\"><\/div>\n\t\t\t\t\t\t\t\t\t\t\t\t\t\t<\/a>\n\t\t\t\t\t\t\t<a class=\"e-gallery-item elementor-gallery-item elementor-animated-content\" href=\"https:\/\/www.lacoloniadecarmela.com\/wp-content\/uploads\/2025\/02\/freepik_14.jpg\" data-elementor-open-lightbox=\"yes\" data-elementor-lightbox-slideshow=\"712bfc6\" data-elementor-lightbox-title=\"freepik_14\" data-e-action-hash=\"#elementor-action%3Aaction%3Dlightbox%26settings%3DeyJpZCI6NDAzLCJ1cmwiOiJodHRwczpcL1wvd3d3LmxhY29sb25pYWRlY2FybWVsYS5jb21cL3dwLWNvbnRlbnRcL3VwbG9hZHNcLzIwMjVcLzAyXC9mcmVlcGlrXzE0LmpwZyIsInNsaWRlc2hvdyI6IjcxMmJmYzYifQ%3D%3D\">\n\t\t\t\t\t<div class=\"e-gallery-image elementor-gallery-item__image\" data-thumbnail=\"https:\/\/www.lacoloniadecarmela.com\/wp-content\/uploads\/2025\/02\/freepik_14.jpg\" data-width=\"1800\" data-height=\"1254\" aria-label=\"\" role=\"img\" ><\/div>\n\t\t\t\t\t\t\t\t\t\t\t<div class=\"elementor-gallery-item__overlay\"><\/div>\n\t\t\t\t\t\t\t\t\t\t\t\t\t\t<\/a>\n\t\t\t\t\t\t\t<a class=\"e-gallery-item elementor-gallery-item elementor-animated-content\" href=\"https:\/\/www.lacoloniadecarmela.com\/wp-content\/uploads\/2025\/06\/foto-castas-n.jpeg\" data-elementor-open-lightbox=\"yes\" data-elementor-lightbox-slideshow=\"712bfc6\" data-elementor-lightbox-title=\"foto-castas-n\" data-e-action-hash=\"#elementor-action%3Aaction%3Dlightbox%26settings%3DeyJpZCI6MTUyNywidXJsIjoiaHR0cHM6XC9cL3d3dy5sYWNvbG9uaWFkZWNhcm1lbGEuY29tXC93cC1jb250ZW50XC91cGxvYWRzXC8yMDI1XC8wNlwvZm90by1jYXN0YXMtbi5qcGVnIiwic2xpZGVzaG93IjoiNzEyYmZjNiJ9\">\n\t\t\t\t\t<div class=\"e-gallery-image elementor-gallery-item__image\" data-thumbnail=\"https:\/\/www.lacoloniadecarmela.com\/wp-content\/uploads\/2025\/06\/foto-castas-n.jpeg\" data-width=\"1248\" data-height=\"662\" aria-label=\"\" role=\"img\" ><\/div>\n\t\t\t\t\t\t\t\t\t\t\t<div class=\"elementor-gallery-item__overlay\"><\/div>\n\t\t\t\t\t\t\t\t\t\t\t\t\t\t<\/a>\n\t\t\t\t\t<\/div>\n\t\t\t\t\t<\/div>\n\t\t\t\t<\/div>\n\t\t\t\t<\/div>\n\t\t<div class=\"elementor-element elementor-element-97bd354 e-con-full e-flex e-con e-child\" data-id=\"97bd354\" data-element_type=\"container\" data-e-type=\"container\" data-settings=\"{&quot;background_background&quot;:&quot;classic&quot;}\">\n\t\t\t\t<div class=\"elementor-element elementor-element-d9abe56 elementor-widget elementor-widget-heading\" data-id=\"d9abe56\" data-element_type=\"widget\" data-e-type=\"widget\" data-widget_type=\"heading.default\">\n\t\t\t\t<div class=\"elementor-widget-container\">\n\t\t\t\t\t<h1 class=\"elementor-heading-title elementor-size-default\">LES COL\u00d2NIES DE CASETES<\/h1>\t\t\t\t<\/div>\n\t\t\t\t<\/div>\n\t\t\t\t<div class=\"elementor-element elementor-element-dd70aad elementor-widget elementor-widget-heading\" data-id=\"dd70aad\" data-element_type=\"widget\" data-e-type=\"widget\" data-widget_type=\"heading.default\">\n\t\t\t\t<div class=\"elementor-widget-container\">\n\t\t\t\t\t<h3 class=\"elementor-heading-title elementor-size-default\">Les col\u00f2nies eren agrupacions de casetes de fusta i els seus habitants, estiuejants que fugien de la t\u00f2rrida ciutat a la recerca de la brisa de la mar i la platja a l'estiu.<\/h3>\t\t\t\t<\/div>\n\t\t\t\t<\/div>\n\t\t\t\t<div class=\"elementor-element elementor-element-35088fc elementor-widget elementor-widget-text-editor\" data-id=\"35088fc\" data-element_type=\"widget\" data-e-type=\"widget\" data-widget_type=\"text-editor.default\">\n\t\t\t\t<div class=\"elementor-widget-container\">\n\t\t\t\t\t\t\t\t\t<p>Eren casetes que origin\u00e0riament es muntaven a la primavera, pels propis inquilins, i es desarmaven amb l&#8217;arribada de les pluges tardorenques.<\/p><p>En la col\u00f2nia de la platja de La Patacona (que \u00e9s continuaci\u00f3 de la platja valenciana de la Malva-rosa), les parcel\u00b7les es dividien amb estaques que envoltaven cada caseta i el seu jardinet. Estaven pintades de vius colors, tenien el sostre d\u2019uralita de dos aiguavessos i un porxo davanter a la mar. All\u00ed els menuts gaudien d&#8217;un estiu de somni, d&#8217;arena i de mar. Diverses generacions de fam\u00edlies recorden com el parad\u00eds aquelles col\u00f2nies de la platja.<br>Totes les col\u00f2nies van desapar\u00e9ixer amb el canvi de segle i el desenrotllament urban\u00edstic de la zona.<br>En eixe lloc \u00e9s on hui s&#8217;assenta La colonia de Carmela.<\/p>\t\t\t\t\t\t\t\t<\/div>\n\t\t\t\t<\/div>\n\t\t\t\t<\/div>\n\t\t\t\t<\/div>\n\t\t\t\t<\/div>\n\t\t","protected":false},"excerpt":{"rendered":"<p>LES COL\u00d2NIES DE CASETES Les col\u00f2nies eren agrupacions de casetes de fusta i els seus habitants, estiuejants que fugien de la t\u00f2rrida ciutat a la recerca de la brisa de la mar i la platja a l&#8217;estiu. Eren casetes que origin\u00e0riament es muntaven a la primavera, pels propis inquilins, i es desarmaven amb l&#8217;arribada de [&hellip;]<\/p>\n","protected":false},"author":1,"featured_media":0,"parent":0,"menu_order":0,"comment_status":"closed","ping_status":"closed","template":"elementor_header_footer","meta":{"footnotes":""},"class_list":["post-1043","page","type-page","status-publish","hentry"],"_links":{"self":[{"href":"https:\/\/www.lacoloniadecarmela.com\/val\/wp-json\/wp\/v2\/pages\/1043","targetHints":{"allow":["GET"]}}],"collection":[{"href":"https:\/\/www.lacoloniadecarmela.com\/val\/wp-json\/wp\/v2\/pages"}],"about":[{"href":"https:\/\/www.lacoloniadecarmela.com\/val\/wp-json\/wp\/v2\/types\/page"}],"author":[{"embeddable":true,"href":"https:\/\/www.lacoloniadecarmela.com\/val\/wp-json\/wp\/v2\/users\/1"}],"replies":[{"embeddable":true,"href":"https:\/\/www.lacoloniadecarmela.com\/val\/wp-json\/wp\/v2\/comments?post=1043"}],"version-history":[{"count":4,"href":"https:\/\/www.lacoloniadecarmela.com\/val\/wp-json\/wp\/v2\/pages\/1043\/revisions"}],"predecessor-version":[{"id":1538,"href":"https:\/\/www.lacoloniadecarmela.com\/val\/wp-json\/wp\/v2\/pages\/1043\/revisions\/1538"}],"wp:attachment":[{"href":"https:\/\/www.lacoloniadecarmela.com\/val\/wp-json\/wp\/v2\/media?parent=1043"}],"curies":[{"name":"wp","href":"https:\/\/api.w.org\/{rel}","templated":true}]}}