{"id":1041,"date":"2025-02-20T13:02:48","date_gmt":"2025-02-20T12:02:48","guid":{"rendered":"https:\/\/www.lacoloniadecarmela.com\/inici\/"},"modified":"2025-06-25T08:40:39","modified_gmt":"2025-06-25T06:40:39","slug":"inici","status":"publish","type":"page","link":"https:\/\/www.lacoloniadecarmela.com\/val\/","title":{"rendered":"Inici"},"content":{"rendered":"\t\t<div data-elementor-type=\"wp-page\" data-elementor-id=\"1041\" class=\"elementor elementor-1041 elementor-77\" data-elementor-post-type=\"page\">\n\t\t\t\t<div class=\"elementor-element elementor-element-6ec7f3be e-con-full e-flex e-con e-parent\" data-id=\"6ec7f3be\" data-element_type=\"container\" data-e-type=\"container\" data-settings=\"{&quot;background_background&quot;:&quot;classic&quot;}\">\n\t\t<div class=\"elementor-element elementor-element-19fde408 e-con-full e-flex e-con e-child\" data-id=\"19fde408\" data-element_type=\"container\" data-e-type=\"container\" data-settings=\"{&quot;background_background&quot;:&quot;classic&quot;}\">\n\t\t\t\t<div class=\"elementor-element elementor-element-56eb6f7 elementor-arrows-position-inside elementor-widget elementor-widget-image-carousel\" data-id=\"56eb6f7\" data-element_type=\"widget\" data-e-type=\"widget\" data-settings=\"{&quot;slides_to_show&quot;:&quot;1&quot;,&quot;navigation&quot;:&quot;arrows&quot;,&quot;lazyload&quot;:&quot;yes&quot;,&quot;effect&quot;:&quot;fade&quot;,&quot;autoplay_speed&quot;:2000,&quot;autoplay&quot;:&quot;yes&quot;,&quot;pause_on_interaction&quot;:&quot;yes&quot;,&quot;infinite&quot;:&quot;yes&quot;,&quot;speed&quot;:500}\" data-widget_type=\"image-carousel.default\">\n\t\t\t\t<div class=\"elementor-widget-container\">\n\t\t\t\t\t\t\t<div class=\"elementor-image-carousel-wrapper swiper\" role=\"region\" aria-roledescription=\"carousel\" aria-label=\"Carrusel de im\u00e1genes\" dir=\"ltr\">\n\t\t\t<div class=\"elementor-image-carousel swiper-wrapper\" aria-live=\"off\">\n\t\t\t\t\t\t\t\t<div class=\"swiper-slide\" role=\"group\" aria-roledescription=\"slide\" aria-label=\"1 of 3\"><figure class=\"swiper-slide-inner\"><img class=\"swiper-slide-image swiper-lazy\" data-src=\"https:\/\/www.lacoloniadecarmela.com\/wp-content\/uploads\/2025\/06\/foto_INICIO-scaled.jpg\" alt=\"la colonia de carmela\" \/><div class=\"swiper-lazy-preloader\"><\/div><\/figure><\/div><div class=\"swiper-slide\" role=\"group\" aria-roledescription=\"slide\" aria-label=\"2 of 3\"><figure class=\"swiper-slide-inner\"><img class=\"swiper-slide-image swiper-lazy\" data-src=\"https:\/\/www.lacoloniadecarmela.com\/wp-content\/uploads\/2025\/04\/Palmera-torcida.webp\" alt=\"Palmera-torcida\" \/><div class=\"swiper-lazy-preloader\"><\/div><\/figure><\/div><div class=\"swiper-slide\" role=\"group\" aria-roledescription=\"slide\" aria-label=\"3 of 3\"><figure class=\"swiper-slide-inner\"><img class=\"swiper-slide-image swiper-lazy\" data-src=\"https:\/\/www.lacoloniadecarmela.com\/wp-content\/uploads\/2025\/06\/principal_057-LA-COLONIA-DE-CARMELA-FELGUERA-FOTOGRAFO.jpg\" alt=\"principal_057-LA-COLONIA-DE-CARMELA-FELGUERA-FOTOGRAFO\" \/><div class=\"swiper-lazy-preloader\"><\/div><\/figure><\/div>\t\t\t<\/div>\n\t\t\t\t\t\t\t\t\t\t\t\t<div class=\"elementor-swiper-button elementor-swiper-button-prev\" role=\"button\" tabindex=\"0\">\n\t\t\t\t\t\t<svg aria-hidden=\"true\" class=\"e-font-icon-svg e-fas-chevron-left\" viewBox=\"0 0 320 512\" xmlns=\"http:\/\/www.w3.org\/2000\/svg\"><path d=\"M34.52 239.03L228.87 44.69c9.37-9.37 24.57-9.37 33.94 0l22.67 22.67c9.36 9.36 9.37 24.52.04 33.9L131.49 256l154.02 154.75c9.34 9.38 9.32 24.54-.04 33.9l-22.67 22.67c-9.37 9.37-24.57 9.37-33.94 0L34.52 272.97c-9.37-9.37-9.37-24.57 0-33.94z\"><\/path><\/svg>\t\t\t\t\t<\/div>\n\t\t\t\t\t<div class=\"elementor-swiper-button elementor-swiper-button-next\" role=\"button\" tabindex=\"0\">\n\t\t\t\t\t\t<svg aria-hidden=\"true\" class=\"e-font-icon-svg e-eicon-chevron-right\" viewBox=\"0 0 1000 1000\" xmlns=\"http:\/\/www.w3.org\/2000\/svg\"><path d=\"M696 533C708 521 713 504 713 487 713 471 708 454 696 446L400 146C388 133 375 125 354 125 338 125 325 129 313 142 300 154 292 171 292 187 292 204 296 221 308 233L563 492 304 771C292 783 288 800 288 817 288 833 296 850 308 863 321 871 338 875 354 875 371 875 388 867 400 854L696 533Z\"><\/path><\/svg>\t\t\t\t\t<\/div>\n\t\t\t\t\n\t\t\t\t\t\t\t\t\t<\/div>\n\t\t\t\t\t\t<\/div>\n\t\t\t\t<\/div>\n\t\t\t\t<\/div>\n\t\t<div class=\"elementor-element elementor-element-6077e72b e-con-full e-flex e-con e-child\" data-id=\"6077e72b\" data-element_type=\"container\" data-e-type=\"container\" data-settings=\"{&quot;background_background&quot;:&quot;classic&quot;}\">\n\t\t\t\t<div class=\"elementor-element elementor-element-b42bfdf elementor-view-default elementor-widget elementor-widget-icon\" data-id=\"b42bfdf\" data-element_type=\"widget\" data-e-type=\"widget\" data-widget_type=\"icon.default\">\n\t\t\t\t<div class=\"elementor-widget-container\">\n\t\t\t\t\t\t\t<div class=\"elementor-icon-wrapper\">\n\t\t\t<div class=\"elementor-icon\">\n\t\t\t<svg xmlns=\"http:\/\/www.w3.org\/2000\/svg\" xmlns:xlink=\"http:\/\/www.w3.org\/1999\/xlink\" id=\"Capa_1\" x=\"0px\" y=\"0px\" viewBox=\"0 0 336.4 224.6\" style=\"enable-background:new 0 0 336.4 224.6;\" xml:space=\"preserve\"><style type=\"text\/css\">\t.st0{fill:#FFFFFF;stroke:#FFFFFF;stroke-linecap:round;stroke-linejoin:round;}<\/style><title>imago_v<\/title><g id=\"edbf8ed7-6d1c-4547-a864-eb1bb07206fa\">\t<g id=\"fcafd0e4-aba2-47d9-9fd0-3f47db8d244e\">\t\t<path class=\"st0\" d=\"M326.8,177.4c0-2.6-0.4-5.2-0.5-7.9c-0.4-3.9,2-16.5-5.2-12.7l-0.4,1l0.7,19.6H319l-0.4-18.4   c0.3-3.8-5.3-4.2-5.7-0.8c0.7,6.4,0.9,12.8,0.8,19.2h-2.5c-2-5.1,2.7-15.9-3.1-19c-3.2-0.5-3.7,1.6-3.8,1.1   c-0.3-4.6,0.1-21.6,0-26c3.7,1.3,7,3.3,6.9-3.1l-46.2-22c1.4-2.5,3-5.1-0.7-6.8l-45.8,26.3c-0.8,1.3,0.6,5.2,2.2,4.7   c1-0.7,2-1.5,2.9-2.3v34.6l-0.6,0.9c-0.4,0.2-1.3-0.2-1.3-0.6c-0.2-2,0.6-7.5-0.9-9c-8.8-3.4-0.6,9.7-5,9.6l-0.1-56   c0,0,11.2,7.2,12.6,1.9L171,77.3c0-0.9,0.2-1.9,0.5-2.7c0.3-0.7,3.7-3.3,4.6-3.2c5.4,1.5,10.7,4,16,5.5c0.9,0.2,6.3,2.3,7.2,2.1   c0.5-0.1-1.1-3.3-1.6-4l-14.3-6.8c9.2-4.5,20.1-0.7,28.6-7.5c0.5-0.8-3.7-4.3-4.4-4.7c-3.7-2.2-8.1-2.4-12.2-2.1   c-3.3,0.2-6.5,0.6-9.7,1.3c5.4-2.3,14-7,16.4-8.1c5.1-2.4,8.9-4.3,11.4-8.8c2.3-4,3.1-9.4,2-10.1c-0.8-0.6-4,1.7-5.1,2.9   c-7.4,8.2-19.1,16.2-25.2,21c1.5-1.6,3.2-3.4,4.9-5.3c6.6-7.4,11.3-13.5,12.5-15c6.8-8.8,12.9-18,18.4-27.6   c-0.9-1.3-2.5-1.9-4.1-1.6c-8,1.1-22.1,19-27.4,26c-5.1,6.7-9.7,13.7-14.3,20.8c-0.1-3.1,0.6-6.3,1.2-9.4c1.8-9.6,4.7-19,5.5-28.7   c0.2-1.9,0.2-3.9,0.1-5.9c-1.1-3-4.2,0-5.2,1.4c-3.2,4.6-7.6,17.3-9,23.2c-1.3,5.3-1.5,10.9-3.3,16.1c-1.2-1.2-1.6-3.6-2.1-5.3   c-2.3-9.1-4-34-10.9-39c-2-1.5-3.2-1.9-4.1,0.9c-2.5,7.8,4.1,25.1,4.1,25.1c2.5,6.8,3.6,9.1,5.1,12.9c0.3,0.7,0.5,1.3,0.7,1.9   c-1.5-2-3.6-4.6-6.5-8.8c-4.1-6-4.8-7.8-7.8-10.1c-3.6-2.8-8.4-4.6-9.1-3.5c-0.5,0.9,1.4,3.4,2.3,4.6c11,14.5,20,30.8,24.3,34.5   l-6-1.9c-1-2.1-1.1-3.6-3.1-5c-3.7-2.4-17.4-7.7-21.5-8.2c-2.5-0.3-8,0.1-3.4,3.2c4.9,3.4,11.6,5.1,16.4,8.3   c0.7,0.5,1.4,0.8,1.2,2l-22.7,11.5c2,0.4,4,1.5,6.1,1.8c4.7,0.5,13-3.8,18.1-5.2c4.1-1.2,11.2-3.5,15.1-1.5   c3.5,1.8,4.1,5.5,4.5,9.4c0.1,0.8,0.2,1.7,0.2,2.6l-5.5,2.8l-43,22.5c-2,1.4-0.1,3.6,1,5c1.3,0.7,3-2.1,4-2.2v17.9   c-10.4-6.1-21.6-11.8-32.3-18.1c-5.8-3.5-10.4-10-12.2,1.6c-11.3,7.7-28.2,17.4-38.9,24.7c-0.6,1.2,0.8,4.4,2.1,4.1   s4.3-0.9,4.3-2.2v45.2h-5.8c-0.5-3.5,0.1-19.3-1.2-20.6c-0.8-0.8-4.3-0.8-4.7,0.6l0.8,20h-2.6c0,0-0.6-4.9-0.7-7.5   c-0.5-4.2,2.3-16.7-5-13.2v20.1c0.2,0.6,0.1,0.3,0.2,0.6h-2l-0.9-20c-0.8-1.4-2.5-1.9-4-1.1c-0.1,0.1-0.3,0.2-0.4,0.3   c-1.8,1.4-0.4,5-0.4,6.9c0.1,4.7,0.4,14,0.4,14h-3.1c0,0-0.3-7.6-0.6-11.1c0-3.7,1.3-13.2-4.8-9.8c-1.4,1.3-0.1,8,0,10.1   c0.1,3.6,0.4,10.8,0.4,10.8H0.5v3.6h83.4c0.3,0,0.7,0,1,0h57.9c-1.6,2.6-3.2,5.2-4.8,7.8l-1.3,2.2l-2.4-0.6   c-9.4-1.6-18.9-1.9-28.4-2c-5.7-0.2-4.2,5.2-1.6,5.7c5.8-0.7,11.6-0.8,17.4-0.4c3.2,0.3,6.3,0.8,9.4,1.4c0.9,0.1,1.8,0.3,2.8,0.5   c-2.3,3.9-4.9,8.5-6.5,12.2l-0.4-0.1c-2.2-0.5-3.6-0.8-5.6-1.1c-1.7-0.3-3.3-0.9-4.5-1.2c-12.7-3.2-17.6-4.7-31.4-4.4   c-18.6,0.5-37.1,3.4-55.5,5.3c-2.3,0.1-1.5,4.8-0.2,5.5c29.9-3.4,61.6-11,91.5,0.1l4.3,0.9c-0.4,2.6-0.7,5.3-0.8,7.9   c0.3,2.8,0.9,4.1,3.6,3.2c2.4-0.7,3.7-5.2,4.6-7.6c0.3-0.9,0.5-1.8,0.8-2.7c10.3,1,20.6,3.7,30.9,4.4c40.3,1.4,84.5-0.8,125-1.6   c2.1-8.1-9.8-3.5-14.2-4.1c-44.4-1.1-90.7,5.2-134.6-2.7c-2-0.2-2.1-0.2-3.2-0.3l-2.3-0.3c2-4,4.2-7.9,6.6-11.6   c28.6,7.5,59,6.3,88.5,5.5c4.4-1.2,40.7,4.5,34.2-4.2c-35.4-2.9-79,3.5-115.2-4.4l-4.7-1.2c1.9-3,3.7-5.9,5.2-8.5   c0.7-1.2,1.4-2.4,2.1-3.6h183.9v-3.6L326.8,177.4z M210.1,36.5c2.2-0.9-16.1,13.4-18.5,13.4S208.1,37.3,210.1,36.5z M186.3,40.8   c4.7-7.4,10.1-14.4,16.1-20.8l6.2-5.5c0.1,0.6-0.4,1-0.7,1.5c-1.2,2.2-2.9,4.4-4.3,6.5c-6,9-13,17.4-20.8,24.9   C183.8,45.1,185,42.9,186.3,40.8L186.3,40.8z M189.6,59c4.9-1.3,10-1.5,14.9-0.8l0.4,1.4L176.6,65l0,0   C180.3,61.9,185.2,60,189.6,59z M150,55c-2.4,0-23.6-9.1-21.2-9.1S152.4,55,150,55z M154.4,25.2c-1-3.1-1.2-4.8-1.8-7.4   S150.1,8,150,5.3c-0.1-2.4,2.8,2.9,3.7,5.1c0.7,2.2,1.3,4.4,1.7,6.7c0.6,2.7,5.5,22.8,4.8,25.1l0,0   C159.6,44.4,155.1,27.4,154.4,25.2L154.4,25.2z M156.4,48c-2.4,0-18.1-23.5-15.7-23.5S158.7,48,156.4,48L156.4,48z M86.7,177.3   l-1.6-29.3c0.1-0.4,0.4-0.7,0.8-0.8c2.4-1.2,12.9-1.7,13.9-3.4l0,0c0.7-1.2-2-2.7-3-2.8c-3.5-0.3-8.2,2.1-12.5,1.6   c-2.3-0.3-6-2.6-5.9,1.8c0.1,5.9,1.5,13.4,2,19.5c0.4,4.2,0.2,8.9,0.8,13c0,0.1,0,0.2,0,0.3h-6L74,156.2l-1.5,0.1   c-5.1-0.1-0.7,10.4-1.4,14c0,2.3-0.9,4-0.1,7.1h-3.5c0.9-4.1-0.3-7.4-0.5-11.1c-0.2-3.3,1.6-10.2-3-10c-4.1,0.2-1.9,7.4-1.8,10.4   c0.1,3.7,0.4,10.8,0.4,10.8h-3.8v-19.6c-0.6-1.1-1.7-1.7-2.9-1.6c-1,0.1-2,0.8-2.5,1.7v19.5c-0.9,0-2,0-2.6,0   c-0.2,0-0.7-0.2-0.8,0c0,0,0-0.1,0-0.2v-0.5c0-0.3,0-0.5,0-0.8c0-0.3,0-0.6,0-0.8c0.1-1.2,0-2.3,0-2.9c0-0.8,0-4,0-5.2l0.1-15.5   l-0.1-12.9l0.3-6.4c0.1-0.5,0.2-2.1,0.3-2.6c0-0.1-0.1-0.1,0.4-1c0.2-0.3,0.4-0.5,0.5-0.7l7.9-4.9l24.3-15l23.2,22.6   c0.1,10.3-1.2,37.3,0.1,46.8L86.7,177.3z M169.5,45.8c0.2-2.4,0.6-4.7,1.1-7c0.7-4.2,1.9-11.4,3.3-15.2c0.1-0.4,2.3-10,2.8-9.8   c1,0.3-1.6,11-1.7,11.8c-1,6.9-3,14.1-4.8,20.7C169.5,46.3,169.4,46.5,169.5,45.8z M147.9,172.6c-0.2-0.5-0.2-1-0.2-1.6l-0.2-0.4   l0.5-32.6c2-0.6,14.1-2.8,15.3-4.7c-3.5-4.5-10.4-0.5-15.6-0.3c-8.8,0.4-6.6,8.6-6.3,22.1v22.1h-4c0.6-2.7-0.4-6.1-0.5-8.7   c-0.1-2.9,0.7-10.5-1-12.4c-1.4-1.5-4.3-0.8-4.7,1l0.8,20.1h-2.8c-1.7-24.7-1.1-50.5-1.2-75.5c-0.4-1.6,28.3-13.7,38.2-18   c0.3,5.3,0.5,10.7,0.8,16c1,16.8,3.3,28.1-3.6,43.8C158.8,153.7,153.7,163.4,147.9,172.6L147.9,172.6z M193.4,177.4h-6.9   c-0.3-4.1,2.5-23.9-5-20.9c-1.8,1.4-0.4,5.3-0.4,7.3c0.1,4.5-0.4,8.3,0.4,13.6h-4.1c0.6-3.6-0.3-5.6-0.4-8.3   c-0.1-2.9,0.7-10.6-1-12.4c-1.3-1.5-4.3-0.8-4.7,1.1l0.8,19.7h-12.6c-1.2,0-2.6-0.1-3.8,0c-0.5,0-1,0-1.6,0   c2.7-4.6,5.5-9.3,7.7-14c7.4-15.8,14.6-32.1,13.8-50.7c-0.3-7.5-2.1-14-3.3-21.2c-0.2-1.4-0.7-4-1-6.8c5.9,7.2,15.7,18,21.8,22.8   l0.3,35.9L193.4,177.4z M287.1,177.4l-29.4-0.4v-27.1h16.5c1.5-0.4,2.3-4.5,0-5.3c-3.9-0.5-18.2-1.8-21.9,0.6v32.3h-6.5   c0,0-0.1-5.7-0.2-8.3s0.6-11.6-0.9-13.1c-5.2-2.4-5.2,2.6-4.4,6.2c0.1,4.9-0.2,9.1,0.6,15.2h-2.4c-1.1-5.5,2.8-28.8-5.9-20.5   l1,20.5H230c-0.5-11.3-3.1-42.7,2.4-51.5c34.9-22.4,24.2-15,54.7,7.2v17.1L287.1,177.4L287.1,177.4z M305.6,177.4h-1.2   c0-0.9,0-14,0-15c0.3-0.4,0.5-0.2,0.7,0.6C305.8,166,305.6,176.9,305.6,177.4L305.6,177.4z\"><\/path>\t<\/g><\/g><\/svg>\t\t\t<\/div>\n\t\t<\/div>\n\t\t\t\t\t\t<\/div>\n\t\t\t\t<\/div>\n\t\t\t\t<div class=\"elementor-element elementor-element-43bebaaf elementor-widget elementor-widget-heading\" data-id=\"43bebaaf\" data-element_type=\"widget\" data-e-type=\"widget\" data-widget_type=\"heading.default\">\n\t\t\t\t<div class=\"elementor-widget-container\">\n\t\t\t\t\t<h1 class=\"elementor-heading-title elementor-size-default\">La colonia de Carmela<\/h1>\t\t\t\t<\/div>\n\t\t\t\t<\/div>\n\t\t\t\t<div class=\"elementor-element elementor-element-47c71464 elementor-widget elementor-widget-text-editor\" data-id=\"47c71464\" data-element_type=\"widget\" data-e-type=\"widget\" data-widget_type=\"text-editor.default\">\n\t\t\t\t<div class=\"elementor-widget-container\">\n\t\t\t\t\t\t\t\t\t<p class=\"x_MsoNormal\">Hem creat un espai on la <b>cuina valenciana<\/b>, la platja mediterr\u00e0nia i la recreaci\u00f3 de l&#8217;ambient estiuenc de les col\u00f2nies de casetes de fusta s&#8217;unixen per a oferir una experi\u00e8ncia gastron\u00f2mica aut\u00e8ntica i memorable.<\/p><p class=\"x_MsoNormal\">I podeu gaudir de tot a\u00e7\u00f2 en terrassa o en els menjadors de la primera planta.<\/p><p class=\"x_MsoNormal\">La nostra carta respira, a m\u00e9s, l&#8217;aroma de la centen\u00e0ria <a href=\"https:\/\/www.casa-carmela.com\/\" target=\"_blank\" rel=\"noopener\"><b>Casa Carmela<\/b><\/a>, perqu\u00e8 compartixen propietat, gesti\u00f3 i referents culinaris.<\/p>\t\t\t\t\t\t\t\t<\/div>\n\t\t\t\t<\/div>\n\t\t\t\t<div class=\"elementor-element elementor-element-778ab85 elementor-align-center elementor-mobile-align-center elementor-widget elementor-widget-button\" data-id=\"778ab85\" data-element_type=\"widget\" data-e-type=\"widget\" data-widget_type=\"button.default\">\n\t\t\t\t<div class=\"elementor-widget-container\">\n\t\t\t\t\t\t\t\t\t<div class=\"elementor-button-wrapper\">\n\t\t\t\t\t<a class=\"elementor-button elementor-button-link elementor-size-sm\" href=\"https:\/\/www.lacoloniadecarmela.com\/val\/les-colonies-de-casetes\/\">\n\t\t\t\t\t\t<span class=\"elementor-button-content-wrapper\">\n\t\t\t\t\t\t<span class=\"elementor-button-icon\">\n\t\t\t\t<svg aria-hidden=\"true\" class=\"e-font-icon-svg e-fas-angle-right\" viewBox=\"0 0 256 512\" xmlns=\"http:\/\/www.w3.org\/2000\/svg\"><path d=\"M224.3 273l-136 136c-9.4 9.4-24.6 9.4-33.9 0l-22.6-22.6c-9.4-9.4-9.4-24.6 0-33.9l96.4-96.4-96.4-96.4c-9.4-9.4-9.4-24.6 0-33.9L54.3 103c9.4-9.4 24.6-9.4 33.9 0l136 136c9.5 9.4 9.5 24.6.1 34z\"><\/path><\/svg>\t\t\t<\/span>\n\t\t\t\t\t\t\t\t\t<span class=\"elementor-button-text\">HIST\u00d2RIA DE LES COLONIES<\/span>\n\t\t\t\t\t<\/span>\n\t\t\t\t\t<\/a>\n\t\t\t\t<\/div>\n\t\t\t\t\t\t\t\t<\/div>\n\t\t\t\t<\/div>\n\t\t\t\t<\/div>\n\t\t\t\t<\/div>\n\t\t<div class=\"elementor-element elementor-element-2859823c e-con-full e-flex e-con e-parent\" data-id=\"2859823c\" data-element_type=\"container\" data-e-type=\"container\" id=\"next\" data-settings=\"{&quot;background_background&quot;:&quot;classic&quot;}\">\n\t\t<div class=\"elementor-element elementor-element-5c04ad49 e-con-full e-flex e-con e-child\" data-id=\"5c04ad49\" data-element_type=\"container\" data-e-type=\"container\">\n\t\t\t\t<div class=\"elementor-element elementor-element-1018b9e8 elementor-widget elementor-widget-text-editor\" data-id=\"1018b9e8\" data-element_type=\"widget\" data-e-type=\"widget\" data-widget_type=\"text-editor.default\">\n\t\t\t\t<div class=\"elementor-widget-container\">\n\t\t\t\t\t\t\t\t\t<p class=\"x_MsoNormal\">Els <b>arrossos valencians<\/b>, el producte fresc de qualitat i de proximitat, de mercat i de llotja. Cada plat de la nostra carta \u00e9s un homenatge als sabors de sempre, de llavors, reinterpretats en el mateix entorn \u00fanic de l&#8217;arena i la mar. <\/p><p class=\"x_MsoNormal\">Vos donem la benvinguda a la Col\u00f2nia de Carmela.<\/p>\t\t\t\t\t\t\t\t<\/div>\n\t\t\t\t<\/div>\n\t\t\t\t<div class=\"elementor-element elementor-element-e78fb6c elementor-align-center elementor-mobile-align-center elementor-widget elementor-widget-button\" data-id=\"e78fb6c\" data-element_type=\"widget\" data-e-type=\"widget\" data-widget_type=\"button.default\">\n\t\t\t\t<div class=\"elementor-widget-container\">\n\t\t\t\t\t\t\t\t\t<div class=\"elementor-button-wrapper\">\n\t\t\t\t\t<a class=\"elementor-button elementor-button-link elementor-size-sm\" href=\"https:\/\/www.lacoloniadecarmela.com\/val\/carta\/\">\n\t\t\t\t\t\t<span class=\"elementor-button-content-wrapper\">\n\t\t\t\t\t\t<span class=\"elementor-button-icon\">\n\t\t\t\t<svg aria-hidden=\"true\" class=\"e-font-icon-svg e-fas-angle-right\" viewBox=\"0 0 256 512\" xmlns=\"http:\/\/www.w3.org\/2000\/svg\"><path d=\"M224.3 273l-136 136c-9.4 9.4-24.6 9.4-33.9 0l-22.6-22.6c-9.4-9.4-9.4-24.6 0-33.9l96.4-96.4-96.4-96.4c-9.4-9.4-9.4-24.6 0-33.9L54.3 103c9.4-9.4 24.6-9.4 33.9 0l136 136c9.5 9.4 9.5 24.6.1 34z\"><\/path><\/svg>\t\t\t<\/span>\n\t\t\t\t\t\t\t\t\t<span class=\"elementor-button-text\">VORE CARTA<\/span>\n\t\t\t\t\t<\/span>\n\t\t\t\t\t<\/a>\n\t\t\t\t<\/div>\n\t\t\t\t\t\t\t\t<\/div>\n\t\t\t\t<\/div>\n\t\t\t\t<\/div>\n\t\t<div class=\"elementor-element elementor-element-64eebad5 e-con-full e-flex e-con e-child\" data-id=\"64eebad5\" data-element_type=\"container\" data-e-type=\"container\" data-settings=\"{&quot;background_background&quot;:&quot;classic&quot;}\">\n\t\t\t\t<div class=\"elementor-element elementor-element-cc5c227 elementor-arrows-position-inside elementor-widget elementor-widget-image-carousel\" data-id=\"cc5c227\" data-element_type=\"widget\" data-e-type=\"widget\" data-settings=\"{&quot;slides_to_show&quot;:&quot;1&quot;,&quot;navigation&quot;:&quot;arrows&quot;,&quot;lazyload&quot;:&quot;yes&quot;,&quot;effect&quot;:&quot;fade&quot;,&quot;autoplay&quot;:&quot;yes&quot;,&quot;pause_on_interaction&quot;:&quot;yes&quot;,&quot;autoplay_speed&quot;:5000,&quot;infinite&quot;:&quot;yes&quot;,&quot;speed&quot;:500}\" data-widget_type=\"image-carousel.default\">\n\t\t\t\t<div class=\"elementor-widget-container\">\n\t\t\t\t\t\t\t<div class=\"elementor-image-carousel-wrapper swiper\" role=\"region\" aria-roledescription=\"carousel\" aria-label=\"Carrusel de im\u00e1genes\" dir=\"ltr\">\n\t\t\t<div class=\"elementor-image-carousel swiper-wrapper swiper-image-stretch\" aria-live=\"off\">\n\t\t\t\t\t\t\t\t<div class=\"swiper-slide\" role=\"group\" aria-roledescription=\"slide\" aria-label=\"1 of 11\"><figure class=\"swiper-slide-inner\"><img class=\"swiper-slide-image swiper-lazy\" data-src=\"https:\/\/www.lacoloniadecarmela.com\/wp-content\/uploads\/2025\/06\/Paella-9-scaled.jpg\" alt=\"Paella (9)\" \/><div class=\"swiper-lazy-preloader\"><\/div><\/figure><\/div><div class=\"swiper-slide\" role=\"group\" aria-roledescription=\"slide\" aria-label=\"2 of 11\"><figure class=\"swiper-slide-inner\"><img class=\"swiper-slide-image swiper-lazy\" data-src=\"https:\/\/www.lacoloniadecarmela.com\/wp-content\/uploads\/2025\/06\/2025-KIKE-TABERNER-6.jpg\" alt=\"2025 KIKE TABERNER (6)\" \/><div class=\"swiper-lazy-preloader\"><\/div><\/figure><\/div><div class=\"swiper-slide\" role=\"group\" aria-roledescription=\"slide\" aria-label=\"3 of 11\"><figure class=\"swiper-slide-inner\"><img class=\"swiper-slide-image swiper-lazy\" data-src=\"https:\/\/www.lacoloniadecarmela.com\/wp-content\/uploads\/2025\/06\/Paella-6.jpg\" alt=\"Paella (6)\" \/><div class=\"swiper-lazy-preloader\"><\/div><\/figure><\/div><div class=\"swiper-slide\" role=\"group\" aria-roledescription=\"slide\" aria-label=\"4 of 11\"><figure class=\"swiper-slide-inner\"><img class=\"swiper-slide-image swiper-lazy\" data-src=\"https:\/\/www.lacoloniadecarmela.com\/wp-content\/uploads\/2025\/06\/18204340-90dd-4050-a388-5fa0f78e5736.jpeg\" alt=\"18204340-90dd-4050-a388-5fa0f78e5736\" \/><div class=\"swiper-lazy-preloader\"><\/div><\/figure><\/div><div class=\"swiper-slide\" role=\"group\" aria-roledescription=\"slide\" aria-label=\"5 of 11\"><figure class=\"swiper-slide-inner\"><img class=\"swiper-slide-image swiper-lazy\" data-src=\"https:\/\/www.lacoloniadecarmela.com\/wp-content\/uploads\/2025\/06\/Platos-1-scaled.jpg\" alt=\"Platos (1)\" \/><div class=\"swiper-lazy-preloader\"><\/div><\/figure><\/div><div class=\"swiper-slide\" role=\"group\" aria-roledescription=\"slide\" aria-label=\"6 of 11\"><figure class=\"swiper-slide-inner\"><img class=\"swiper-slide-image swiper-lazy\" data-src=\"https:\/\/www.lacoloniadecarmela.com\/wp-content\/uploads\/2025\/06\/Platos-17-scaled.jpg\" alt=\"Platos (17)\" \/><div class=\"swiper-lazy-preloader\"><\/div><\/figure><\/div><div class=\"swiper-slide\" role=\"group\" aria-roledescription=\"slide\" aria-label=\"7 of 11\"><figure class=\"swiper-slide-inner\"><img class=\"swiper-slide-image swiper-lazy\" data-src=\"https:\/\/www.lacoloniadecarmela.com\/wp-content\/uploads\/2025\/06\/Platos-12-scaled.jpg\" alt=\"Platos (12)\" \/><div class=\"swiper-lazy-preloader\"><\/div><\/figure><\/div><div class=\"swiper-slide\" role=\"group\" aria-roledescription=\"slide\" aria-label=\"8 of 11\"><figure class=\"swiper-slide-inner\"><img class=\"swiper-slide-image swiper-lazy\" data-src=\"https:\/\/www.lacoloniadecarmela.com\/wp-content\/uploads\/2025\/06\/Platos-18-scaled.jpg\" alt=\"Platos (18)\" \/><div class=\"swiper-lazy-preloader\"><\/div><\/figure><\/div><div class=\"swiper-slide\" role=\"group\" aria-roledescription=\"slide\" aria-label=\"9 of 11\"><figure class=\"swiper-slide-inner\"><img class=\"swiper-slide-image swiper-lazy\" data-src=\"https:\/\/www.lacoloniadecarmela.com\/wp-content\/uploads\/2025\/06\/Platos-19-scaled.jpg\" alt=\"Platos (19)\" \/><div class=\"swiper-lazy-preloader\"><\/div><\/figure><\/div><div class=\"swiper-slide\" role=\"group\" aria-roledescription=\"slide\" aria-label=\"10 of 11\"><figure class=\"swiper-slide-inner\"><img class=\"swiper-slide-image swiper-lazy\" data-src=\"https:\/\/www.lacoloniadecarmela.com\/wp-content\/uploads\/2025\/03\/0_cigala.jpg\" alt=\"0_cigala\" \/><div class=\"swiper-lazy-preloader\"><\/div><\/figure><\/div><div class=\"swiper-slide\" role=\"group\" aria-roledescription=\"slide\" aria-label=\"11 of 11\"><figure class=\"swiper-slide-inner\"><img class=\"swiper-slide-image swiper-lazy\" data-src=\"https:\/\/www.lacoloniadecarmela.com\/wp-content\/uploads\/2025\/03\/carta_restaurante.jpg\" alt=\"carta_restaurante\" \/><div class=\"swiper-lazy-preloader\"><\/div><\/figure><\/div>\t\t\t<\/div>\n\t\t\t\t\t\t\t\t\t\t\t\t<div class=\"elementor-swiper-button elementor-swiper-button-prev\" role=\"button\" tabindex=\"0\">\n\t\t\t\t\t\t<svg aria-hidden=\"true\" class=\"e-font-icon-svg e-fas-chevron-left\" viewBox=\"0 0 320 512\" xmlns=\"http:\/\/www.w3.org\/2000\/svg\"><path d=\"M34.52 239.03L228.87 44.69c9.37-9.37 24.57-9.37 33.94 0l22.67 22.67c9.36 9.36 9.37 24.52.04 33.9L131.49 256l154.02 154.75c9.34 9.38 9.32 24.54-.04 33.9l-22.67 22.67c-9.37 9.37-24.57 9.37-33.94 0L34.52 272.97c-9.37-9.37-9.37-24.57 0-33.94z\"><\/path><\/svg>\t\t\t\t\t<\/div>\n\t\t\t\t\t<div class=\"elementor-swiper-button elementor-swiper-button-next\" role=\"button\" tabindex=\"0\">\n\t\t\t\t\t\t<svg aria-hidden=\"true\" class=\"e-font-icon-svg e-eicon-chevron-right\" viewBox=\"0 0 1000 1000\" xmlns=\"http:\/\/www.w3.org\/2000\/svg\"><path d=\"M696 533C708 521 713 504 713 487 713 471 708 454 696 446L400 146C388 133 375 125 354 125 338 125 325 129 313 142 300 154 292 171 292 187 292 204 296 221 308 233L563 492 304 771C292 783 288 800 288 817 288 833 296 850 308 863 321 871 338 875 354 875 371 875 388 867 400 854L696 533Z\"><\/path><\/svg>\t\t\t\t\t<\/div>\n\t\t\t\t\n\t\t\t\t\t\t\t\t\t<\/div>\n\t\t\t\t\t\t<\/div>\n\t\t\t\t<\/div>\n\t\t\t\t<\/div>\n\t\t\t\t<\/div>\n\t\t<div class=\"elementor-element elementor-element-2218455a e-con-full e-flex e-con e-parent\" data-id=\"2218455a\" data-element_type=\"container\" data-e-type=\"container\">\n\t\t<div class=\"elementor-element elementor-element-3df19cab e-con-full e-flex e-con e-child\" data-id=\"3df19cab\" data-element_type=\"container\" data-e-type=\"container\" data-settings=\"{&quot;background_background&quot;:&quot;classic&quot;,&quot;motion_fx_motion_fx_scrolling&quot;:&quot;yes&quot;,&quot;motion_fx_devices&quot;:[&quot;desktop&quot;,&quot;tablet&quot;,&quot;mobile&quot;]}\">\n\t\t\t\t<div class=\"elementor-element elementor-element-39a36fcc elementor-widget elementor-widget-heading\" data-id=\"39a36fcc\" data-element_type=\"widget\" data-e-type=\"widget\" data-widget_type=\"heading.default\">\n\t\t\t\t<div class=\"elementor-widget-container\">\n\t\t\t\t\t<h3 class=\"elementor-heading-title elementor-size-default\">Vine a con\u00e9ixer-nos<\/h3>\t\t\t\t<\/div>\n\t\t\t\t<\/div>\n\t\t\t\t<div class=\"elementor-element elementor-element-59871db6 elementor-widget elementor-widget-heading\" data-id=\"59871db6\" data-element_type=\"widget\" data-e-type=\"widget\" data-widget_type=\"heading.default\">\n\t\t\t\t<div class=\"elementor-widget-container\">\n\t\t\t\t\t<h2 class=\"elementor-heading-title elementor-size-default\">Reserva en La colonia<\/h2>\t\t\t\t<\/div>\n\t\t\t\t<\/div>\n\t\t\t\t<div class=\"elementor-element elementor-element-d102096 elementor-align-left elementor-mobile-align-center elementor-widget elementor-widget-button\" data-id=\"d102096\" data-element_type=\"widget\" data-e-type=\"widget\" data-widget_type=\"button.default\">\n\t\t\t\t<div class=\"elementor-widget-container\">\n\t\t\t\t\t\t\t\t\t<div class=\"elementor-button-wrapper\">\n\t\t\t\t\t<a class=\"elementor-button elementor-button-link elementor-size-sm\" href=\"https:\/\/www.lacoloniadecarmela.com\/val\/reserves\/\">\n\t\t\t\t\t\t<span class=\"elementor-button-content-wrapper\">\n\t\t\t\t\t\t<span class=\"elementor-button-icon\">\n\t\t\t\t<svg aria-hidden=\"true\" class=\"e-font-icon-svg e-fas-angle-right\" viewBox=\"0 0 256 512\" xmlns=\"http:\/\/www.w3.org\/2000\/svg\"><path d=\"M224.3 273l-136 136c-9.4 9.4-24.6 9.4-33.9 0l-22.6-22.6c-9.4-9.4-9.4-24.6 0-33.9l96.4-96.4-96.4-96.4c-9.4-9.4-9.4-24.6 0-33.9L54.3 103c9.4-9.4 24.6-9.4 33.9 0l136 136c9.5 9.4 9.5 24.6.1 34z\"><\/path><\/svg>\t\t\t<\/span>\n\t\t\t\t\t\t\t\t\t<span class=\"elementor-button-text\">Reserveu<\/span>\n\t\t\t\t\t<\/span>\n\t\t\t\t\t<\/a>\n\t\t\t\t<\/div>\n\t\t\t\t\t\t\t\t<\/div>\n\t\t\t\t<\/div>\n\t\t\t\t<\/div>\n\t\t\t\t<\/div>\n\t\t\t\t<\/div>\n\t\t","protected":false},"excerpt":{"rendered":"<p>imago_v La colonia de Carmela Hem creat un espai on la cuina valenciana, la platja mediterr\u00e0nia i la recreaci\u00f3 de l&#8217;ambient estiuenc de les col\u00f2nies de casetes de fusta s&#8217;unixen per a oferir una experi\u00e8ncia gastron\u00f2mica aut\u00e8ntica i memorable. I podeu gaudir de tot a\u00e7\u00f2 en terrassa o en els menjadors de la primera planta. [&hellip;]<\/p>\n","protected":false},"author":1,"featured_media":0,"parent":0,"menu_order":0,"comment_status":"closed","ping_status":"closed","template":"elementor_header_footer","meta":{"footnotes":""},"class_list":["post-1041","page","type-page","status-publish","hentry"],"_links":{"self":[{"href":"https:\/\/www.lacoloniadecarmela.com\/val\/wp-json\/wp\/v2\/pages\/1041","targetHints":{"allow":["GET"]}}],"collection":[{"href":"https:\/\/www.lacoloniadecarmela.com\/val\/wp-json\/wp\/v2\/pages"}],"about":[{"href":"https:\/\/www.lacoloniadecarmela.com\/val\/wp-json\/wp\/v2\/types\/page"}],"author":[{"embeddable":true,"href":"https:\/\/www.lacoloniadecarmela.com\/val\/wp-json\/wp\/v2\/users\/1"}],"replies":[{"embeddable":true,"href":"https:\/\/www.lacoloniadecarmela.com\/val\/wp-json\/wp\/v2\/comments?post=1041"}],"version-history":[{"count":9,"href":"https:\/\/www.lacoloniadecarmela.com\/val\/wp-json\/wp\/v2\/pages\/1041\/revisions"}],"predecessor-version":[{"id":1565,"href":"https:\/\/www.lacoloniadecarmela.com\/val\/wp-json\/wp\/v2\/pages\/1041\/revisions\/1565"}],"wp:attachment":[{"href":"https:\/\/www.lacoloniadecarmela.com\/val\/wp-json\/wp\/v2\/media?parent=1041"}],"curies":[{"name":"wp","href":"https:\/\/api.w.org\/{rel}","templated":true}]}}