{"id":1216,"date":"2025-02-21T12:12:04","date_gmt":"2025-02-21T11:12:04","guid":{"rendered":"https:\/\/www.lacoloniadecarmela.com\/politica-de-privacidad\/"},"modified":"2025-05-06T13:14:35","modified_gmt":"2025-05-06T11:14:35","slug":"politica-de-privacidad","status":"publish","type":"page","link":"https:\/\/www.lacoloniadecarmela.com\/en\/politica-de-privacidad\/","title":{"rendered":"PRIVACY POLICY"},"content":{"rendered":"\t\t<div data-elementor-type=\"wp-page\" data-elementor-id=\"1216\" class=\"elementor elementor-1216 elementor-276\" data-elementor-post-type=\"page\">\n\t\t\t\t<div class=\"elementor-element elementor-element-63453ea e-flex e-con-boxed e-con e-parent\" data-id=\"63453ea\" data-element_type=\"container\" data-e-type=\"container\">\n\t\t\t\t\t<div class=\"e-con-inner\">\n\t\t\t\t<div class=\"elementor-element elementor-element-638df14 elementor-widget elementor-widget-text-editor\" data-id=\"638df14\" data-element_type=\"widget\" data-e-type=\"widget\" data-widget_type=\"text-editor.default\">\n\t\t\t\t<div class=\"elementor-widget-container\">\n\t\t\t\t\t\t\t\t\t<h1><span style=\"font-weight: 400;\">POL\u00cdTICA DE PRIVACIDAD<\/span><\/h1><p><span style=\"font-weight: 400;\">Informaci\u00f3n b\u00e1sica sobre protecci\u00f3n de datos. A continuaci\u00f3n le informamos sobre la pol\u00edtica de protecci\u00f3n de datos de Veranos en Patacona S.L. <\/span><\/p><h3><span style=\"font-weight: 400;\">Responsable del tratamiento<\/span><\/h3><p><span style=\"font-weight: 400;\">Los datos de car\u00e1cter personal que se pudieran recabar directamente del interesado ser\u00e1n tratados de forma confidencial y quedar\u00e1n incorporados a la correspondiente actividad de tratamiento titularidad de Veranos en Patacona S.L.<\/span><\/p><h3><span style=\"font-weight: 400;\">Finalidad<\/span><\/h3><p><span style=\"font-weight: 400;\">Las finalidades para los que Veranos en Patacona S.L. trata sus datos es porque existe una relaci\u00f3n comercial y profesional, porque es un trabajador de la empresa, porque nos ha solicitado informaci\u00f3n o porque es usted un proveedor o tercero con el que mantenemos una relaci\u00f3n profesional.<\/span><\/p><h3><span style=\"font-weight: 400;\">Legitimaci\u00f3n<\/span><\/h3><p><span style=\"font-weight: 400;\">Los datos tratados por Veranos en Patacona S.L. siempre responden a una finalidad basada en lo establecido en el art.6-1a) o b) del RGPD (UE) 2016\/679 reglamento general de protecci\u00f3n de datos, tambi\u00e9n puede responder a obligaciones legales.<\/span><\/p><h3><span style=\"font-weight: 400;\">Conservaci\u00f3n de datos<\/span><\/h3><p><span style=\"font-weight: 400;\">Los datos personales proporcionados se conservar\u00e1n durante el tiempo necesario para cumplir con la finalidad para la que se recaban y para determinar las posibles responsabilidades que se pudieran derivar de la finalidad.<\/span><\/p><h3><span style=\"font-weight: 400;\">Comunicaci\u00f3n de datos<\/span><\/h3><p><span style=\"font-weight: 400;\">No se comunican datos personales excepto por los casos legalmente establecidos o cuando procede cederlos a los destinatarios con los que trabajamos.<\/span><\/p><h3><span style=\"font-weight: 400;\">Derechos de los interesados<\/span><\/h3><p><span style=\"font-weight: 400;\">Como titular de los datos, usted tiene unos derechos que puede ejercer en cualquier momento.<\/span><\/p><p><span style=\"font-weight: 400;\">Puede ejercer sus derechos de acceso, rectificaci\u00f3n, supresi\u00f3n y portabilidad de sus datos, de limitaci\u00f3n y oposici\u00f3n a su tratamiento, as\u00ed como a no ser objeto de decisiones basadas \u00fanicamente en el tratamiento automatizado de sus datos, cuando procedan, ante Veranos en Patacona S.L., <\/span><span style=\"font-weight: 400;\"> Playa de La Patacona &#8211; Av. Mare Nostrum, 50 46120 Alboraia, Valencia  <\/span><span style=\"font-weight: 400;\">o en la direcci\u00f3n de correo electr\u00f3nico: E-mail: <\/span><a href=\"mailto:info@casa-carmela.com\"><span style=\"font-weight: 400;\">info@lacoloniadecarmela.com<\/span><\/a> <span style=\"font-weight: 400;\">As\u00ed mismo le informamos que en caso de disconformidad con el tratamiento usted tiene derecho a presentar una reclamaci\u00f3n ante la Agencia Espa\u00f1ola de Protecci\u00f3n de Datos.<\/span><\/p><h3><span style=\"font-weight: 400;\">DERECHOS DE LOS TITULARES DE DATOS PERSONALES TRATADOS POR LA COLONIA DE CARMELA<\/span><\/h3><p><span style=\"font-weight: 400;\">El Reglamento General de Protecci\u00f3n de Datos regula los derechos de las personas afectadas ante un tratamiento de sus datos, especificando que pueden ejercitar los mismos, en este caso ante la empresa y en relaci\u00f3n a los tratamientos efectuados por el mismo.<\/span><\/p><p><span style=\"font-weight: 400;\">Los derechos que usted tiene son: derecho de acceso, rectificaci\u00f3n, supresi\u00f3n, (derecho al olvido), portabilidad de los mismos, oposici\u00f3n y limitaci\u00f3n al tratamiento<\/span><\/p><p><span style=\"font-weight: 400;\"> <\/span><\/p><h3><span style=\"font-weight: 400;\">Derecho de acceso<\/span><\/h3><p><span style=\"font-weight: 400;\">La persona afectada tiene derecho a ser informada de:<\/span><span style=\"font-weight: 400;\"><br><\/span><span style=\"font-weight: 400;\">\u2022 Los fines del tratamiento, categor\u00edas de datos personales que se traten y de las posibles comunicaciones de datos y sus destinatarios.<\/span><span style=\"font-weight: 400;\"><br><\/span><span style=\"font-weight: 400;\">\u2022 De ser posible, el plazo de conservaci\u00f3n de tus datos. De no serlo, los criterios para determinar este plazo. <\/span><span style=\"font-weight: 400;\"><br><\/span><span style=\"font-weight: 400;\">\u2022 Del derecho a solicitar la rectificaci\u00f3n o supresi\u00f3n de los datos, la limitaci\u00f3n al tratamiento, u oponerse al mismo.<\/span><span style=\"font-weight: 400;\"><br><\/span><span style=\"font-weight: 400;\">\u2022 Del derecho a presentar una reclamaci\u00f3n ante la Autoridad de Control.<\/span><span style=\"font-weight: 400;\"><br><\/span><span style=\"font-weight: 400;\">\u2022 Obtener una copia de los datos objeto del tratamiento.<\/span><span style=\"font-weight: 400;\"><br><\/span><span style=\"font-weight: 400;\">\u2022 Si se produce una transferencia internacional de datos, recibir informaci\u00f3n de las garant\u00edas adecuadas.<\/span><span style=\"font-weight: 400;\"><br><\/span><span style=\"font-weight: 400;\">\u2022 De la existencia de decisiones automatizadas (incluyendo perfiles), la l\u00f3gica aplicada y consecuencias de este tratamiento.<\/span><\/p><h3><span style=\"font-weight: 400;\">Derecho de rectificaci\u00f3n<\/span><\/h3><p><span style=\"font-weight: 400;\">La persona afectada tiene derecho a rectificar los datos inexactos, y a que se completen los datos personales incompletos, inclusive mediante una declaraci\u00f3n adicional.<\/span><\/p><h3><span style=\"font-weight: 400;\">Derecho de supresi\u00f3n (\u201cDerecho al olvido\u201d)<\/span><\/h3><p><span style=\"font-weight: 400;\">Con su ejercicio la persona afectada puede solicitar la supresi\u00f3n de los datos personales sin dilaci\u00f3n debida cuando concurra alguno de los supuestos contemplados. Por ejemplo, tratamiento il\u00edcito de datos, o cuando haya desaparecido la finalidad que motiv\u00f3 el tratamiento o recogida. <\/span><span style=\"font-weight: 400;\"><br><\/span><span style=\"font-weight: 400;\">No obstante, se regulan una serie de excepciones en las que no proceder\u00e1 este derecho. Por ejemplo, cuando deba prevalecer el derecho a la libertad de expresi\u00f3n e informaci\u00f3n. <\/span><\/p><h3><span style=\"font-weight: 400;\">Derecho a la limitaci\u00f3n del tratamiento<\/span><\/h3><p><span style=\"font-weight: 400;\">Permite a persona afectada:<\/span><span style=\"font-weight: 400;\"><br><\/span><span style=\"font-weight: 400;\">\u2022 Solicitar al responsable que suspenda el tratamiento de datos cuando:<\/span><span style=\"font-weight: 400;\"><br><\/span><span style=\"font-weight: 400;\">\u2022 Se impugne la exactitud de los datos, mientras se verifica dicha exactitud por el responsable.<\/span><span style=\"font-weight: 400;\"><br><\/span><span style=\"font-weight: 400;\">\u2022 El afectado ha ejercitado su derecho de oposici\u00f3n al tratamiento de datos, mientras se verifica si los motivos leg\u00edtimos del responsable prevalecen sobre el afectado.<\/span><span style=\"font-weight: 400;\"><br><\/span><span style=\"font-weight: 400;\">\u2022 Solicitar al responsable que conserve sus datos personales cuando:<\/span><span style=\"font-weight: 400;\"><br><\/span><span style=\"font-weight: 400;\">\u2022 El tratamiento de datos sea il\u00edcito y el afectado se oponga a la supresi\u00f3n de sus datos y solicite en su lugar la limitaci\u00f3n de su uso.<\/span><span style=\"font-weight: 400;\"><br><\/span><span style=\"font-weight: 400;\">\u2022 El responsable ya no necesita los datos para los fines del tratamiento pero el afectado si los necesite para la formulaci\u00f3n, ejercicio o defensa de reclamaciones.<\/span><\/p><h3><span style=\"font-weight: 400;\">Derecho de oposici\u00f3n<\/span><\/h3><p><span style=\"font-weight: 400;\">La persona afectada puede oponerse al tratamiento:<\/span><span style=\"font-weight: 400;\"><br><\/span><span style=\"font-weight: 400;\">\u2022 Cuando por motivos relacionados con su situaci\u00f3n personal, debe cesar el tratamiento de tus datos salvo que se acredite un inter\u00e9s leg\u00edtimo, o sea necesario para el ejercicio o defensa de reclamaciones.<\/span><span style=\"font-weight: 400;\"><br><\/span><span style=\"font-weight: 400;\">\u2022 Cuando el tratamiento tenga por objeto la mercadotecnia directa.<\/span><\/p><h3><span style=\"font-weight: 400;\">Derecho de portabilidad<\/span><\/h3><p><span style=\"font-weight: 400;\">El interesado tendr\u00e1 derecho a recibir los datos personales que le incumban, que haya facilitado a un responsable del tratamiento, en un formato estructurado, de uso com\u00fan y lectura mec\u00e1nica, y a transmitirlos a otro responsable del tratamiento sin que lo impida el responsable al que se los hubiera facilitado, cuando:<\/span><span style=\"font-weight: 400;\"><br><\/span><span style=\"font-weight: 400;\">a) El tratamiento est\u00e9 basado en el consentimiento con arreglo al art\u00edculo 6, apartado 1, letra a), o el art\u00edculo 9, apartado 2, letra a), o en un contrato con arreglo al art\u00edculo 6, apartado 1, letra b), y b) El tratamiento se efect\u00fae por medios automatizados.    <\/span><span style=\"font-weight: 400;\"><br><\/span><span style=\"font-weight: 400;\">2. Al ejercer su derecho a la portabilidad de los datos de acuerdo con el apartado 1, el interesado tendr\u00e1 derecho a que los datos personales se transmitan directamente de responsable a responsable cuando sea t\u00e9cnicamente posible.<\/span><\/p><h3><span style=\"font-weight: 400;\">Derecho de reclamaci\u00f3n:<\/span><\/h3><p><span style=\"font-weight: 400;\">En caso de disconformidad puede escribirnos un correo y atenderemos su petici\u00f3n o dirigirse a la agencia de protecci\u00f3n de datos.<\/span><\/p>\t\t\t\t\t\t\t\t<\/div>\n\t\t\t\t<\/div>\n\t\t\t\t\t<\/div>\n\t\t\t\t<\/div>\n\t\t\t\t<\/div>\n\t\t","protected":false},"excerpt":{"rendered":"<p>POL\u00cdTICA DE PRIVACIDAD Informaci\u00f3n b\u00e1sica sobre protecci\u00f3n de datos. A continuaci\u00f3n le informamos sobre la pol\u00edtica de protecci\u00f3n de datos de Veranos en Patacona S.L. Responsable del tratamiento Los datos de car\u00e1cter personal que se pudieran recabar directamente del interesado ser\u00e1n tratados de forma confidencial y quedar\u00e1n incorporados a la correspondiente actividad de tratamiento titularidad [&hellip;]<\/p>\n","protected":false},"author":1,"featured_media":0,"parent":0,"menu_order":0,"comment_status":"closed","ping_status":"closed","template":"","meta":{"footnotes":""},"class_list":["post-1216","page","type-page","status-publish","hentry"],"_links":{"self":[{"href":"https:\/\/www.lacoloniadecarmela.com\/en\/wp-json\/wp\/v2\/pages\/1216","targetHints":{"allow":["GET"]}}],"collection":[{"href":"https:\/\/www.lacoloniadecarmela.com\/en\/wp-json\/wp\/v2\/pages"}],"about":[{"href":"https:\/\/www.lacoloniadecarmela.com\/en\/wp-json\/wp\/v2\/types\/page"}],"author":[{"embeddable":true,"href":"https:\/\/www.lacoloniadecarmela.com\/en\/wp-json\/wp\/v2\/users\/1"}],"replies":[{"embeddable":true,"href":"https:\/\/www.lacoloniadecarmela.com\/en\/wp-json\/wp\/v2\/comments?post=1216"}],"version-history":[{"count":7,"href":"https:\/\/www.lacoloniadecarmela.com\/en\/wp-json\/wp\/v2\/pages\/1216\/revisions"}],"predecessor-version":[{"id":1239,"href":"https:\/\/www.lacoloniadecarmela.com\/en\/wp-json\/wp\/v2\/pages\/1216\/revisions\/1239"}],"wp:attachment":[{"href":"https:\/\/www.lacoloniadecarmela.com\/en\/wp-json\/wp\/v2\/media?parent=1216"}],"curies":[{"name":"wp","href":"https:\/\/api.w.org\/{rel}","templated":true}]}}