{"id":1214,"date":"2025-02-21T12:14:58","date_gmt":"2025-02-21T11:14:58","guid":{"rendered":"https:\/\/www.lacoloniadecarmela.com\/politica-de-cookies\/"},"modified":"2025-05-06T13:12:54","modified_gmt":"2025-05-06T11:12:54","slug":"politica-de-cookies","status":"publish","type":"page","link":"https:\/\/www.lacoloniadecarmela.com\/en\/politica-de-cookies\/","title":{"rendered":"COOKIE POLICY"},"content":{"rendered":"\t\t<div data-elementor-type=\"wp-page\" data-elementor-id=\"1214\" class=\"elementor elementor-1214 elementor-284\" data-elementor-post-type=\"page\">\n\t\t\t\t<div class=\"elementor-element elementor-element-d17aa19 e-flex e-con-boxed e-con e-parent\" data-id=\"d17aa19\" data-element_type=\"container\" data-e-type=\"container\">\n\t\t\t\t\t<div class=\"e-con-inner\">\n\t\t\t\t<div class=\"elementor-element elementor-element-a337062 elementor-widget elementor-widget-text-editor\" data-id=\"a337062\" data-element_type=\"widget\" data-e-type=\"widget\" data-widget_type=\"text-editor.default\">\n\t\t\t\t<div class=\"elementor-widget-container\">\n\t\t\t\t\t\t\t\t\t<style>\n    a.cky-banner-element {\n        padding: 8px 30px;\n        background: #F8F9FA;\n        color: #858A8F;\n        border: 1px solid #DEE2E6;\n        box-sizing: border-box;\n        border-radius: 2px;\n        cursor: pointer;\n}\n<\/style>\n\n<h1 class=\"cookie-policy-h1\">COOKIE POLICY<\/h1>\nFecha de entrada en vigor: 03-Mar-2025\n\u00daltima actualizaci\u00f3n: 03-Mar-2025\n\n&nbsp;\n<h5>\u00bfQu\u00e9 son las cookies?<\/h5>\n<div class=\"cookie-policy-p\">\n\nEsta Pol\u00edtica de Cookies explica qu\u00e9 son las cookies y c\u00f3mo las utilizamos, los tipos de cookies que usamos, es decir, la informaci\u00f3n que recopilamos a trav\u00e9s de las cookies y c\u00f3mo se utiliza esa informaci\u00f3n, as\u00ed como c\u00f3mo gestionar la configuraci\u00f3n de cookies.\n\nLas cookies son peque\u00f1os archivos de texto que se utilizan para almacenar peque\u00f1as cantidades de informaci\u00f3n. Se almacenan en tu dispositivo cuando el sitio web se carga en tu navegador. Estas cookies nos ayudan a que el sitio web funcione correctamente, sea m\u00e1s seguro, ofrezca una mejor experiencia de usuario y nos permitan comprender c\u00f3mo funciona el sitio web y analizar qu\u00e9 funciona bien y qu\u00e9 necesita mejoras.  \n\n<\/div>\n&nbsp;\n<h5>\u00bfC\u00f3mo usamos las cookies?<\/h5>\n<div class=\"cookie-policy-p\">\n\nComo la mayor\u00eda de los servicios en l\u00ednea, nuestro sitio web utiliza cookies propias y de terceros para diversos fines. Las cookies propias son principalmente necesarias para que el sitio web funcione correctamente y no recopilan ning\u00fan dato personal identificable. \n\nLas cookies de terceros utilizadas en nuestro sitio web sirven principalmente para entender c\u00f3mo funciona el sitio, c\u00f3mo interact\u00faas con \u00e9l, mantener nuestros servicios seguros, ofrecerte anuncios relevantes y, en general, brindarte una mejor experiencia de usuario, adem\u00e1s de agilizar futuras interacciones con nuestro sitio.\n\n<\/div>\n&nbsp;\n<h5>Tipos de Cookies que utilizamos<\/h5>\n<div class=\"cky-audit-table-element\"><\/div>\n&nbsp;\n<h5 style=\"margin-bottom: 20px;\">Configuraci\u00f3n de preferencias de cookies<\/h5>\n<a class=\"cky-banner-element\">Configurar Cookies<\/a> <br><br><div>\n\nPuedes cambiar tus preferencias de cookies en cualquier momento haciendo clic en el bot\u00f3n anterior. Esto te permitir\u00e1 volver a ver el banner de consentimiento de cookies y cambiar tus preferencias o retirar tu consentimiento inmediatamente. \n\nAdem\u00e1s, los diferentes navegadores ofrecen distintos m\u00e9todos para bloquear y eliminar cookies utilizadas por los sitios web. Puedes cambiar la configuraci\u00f3n de tu navegador para bloquear o eliminar cookies. A continuaci\u00f3n, se incluyen enlaces a los documentos de soporte sobre c\u00f3mo gestionar y eliminar cookies en los navegadores m\u00e1s populares.  \n\nChrome: <a href=\"https:\/\/support.google.com\/accounts\/answer\/32050\" target=\"_blank\" rel=\"noopener\">https:\/\/support.google.com\/accounts\/answer\/32050<\/a>\n\nSafari: <a href=\"https:\/\/support.apple.com\/en-in\/guide\/safari\/sfri11471\/mac\" target=\"_blank\" rel=\"noopener\">https:\/\/support.apple.com\/en-in\/guide\/safari\/sfri11471\/mac<\/a>\n\nFirefox: <a href=\"https:\/\/support.mozilla.org\/en-US\/kb\/clear-cookies-and-site-data-firefox?redirectslug=delete-cookies-remove-info-websites-stored&amp;redirectlocale=en-US\" target=\"_blank\" rel=\"noopener\">https:\/\/support.mozilla.org\/en-US\/kb\/clear-cookies-and-site-data-firefox?redirectslug=delete-cookies-remove-info-websites-stored&amp;redirectlocale=en-US<\/a>\n\nInternet Explorer: <a href=\"https:\/\/support.microsoft.com\/en-us\/topic\/how-to-delete-cookie-files-in-internet-explorer-bca9446f-d873-78de-77ba-d42645fa52fc\" target=\"_blank\" rel=\"noopener\">https:\/\/support.microsoft.com\/en-us\/topic\/how-to-delete-cookie-files-in-internet-explorer-bca9446f-d873-78de-77ba-d42645fa52fc<\/a>\n\nSi usas otro navegador web, consulta la documentaci\u00f3n oficial de soporte de tu navegador.\n\n<\/div>\t\t\t\t\t\t\t\t<\/div>\n\t\t\t\t<\/div>\n\t\t\t\t\t<\/div>\n\t\t\t\t<\/div>\n\t\t\t\t<\/div>\n\t\t","protected":false},"excerpt":{"rendered":"<p>COOKIE POLICY Fecha de entrada en vigor: 03-Mar-2025 \u00daltima actualizaci\u00f3n: 03-Mar-2025 &nbsp; \u00bfQu\u00e9 son las cookies? Esta Pol\u00edtica de Cookies explica qu\u00e9 son las cookies y c\u00f3mo las utilizamos, los tipos de cookies que usamos, es decir, la informaci\u00f3n que recopilamos a trav\u00e9s de las cookies y c\u00f3mo se utiliza esa informaci\u00f3n, as\u00ed como c\u00f3mo [&hellip;]<\/p>\n","protected":false},"author":1,"featured_media":0,"parent":0,"menu_order":0,"comment_status":"closed","ping_status":"closed","template":"","meta":{"footnotes":""},"class_list":["post-1214","page","type-page","status-publish","hentry"],"_links":{"self":[{"href":"https:\/\/www.lacoloniadecarmela.com\/en\/wp-json\/wp\/v2\/pages\/1214","targetHints":{"allow":["GET"]}}],"collection":[{"href":"https:\/\/www.lacoloniadecarmela.com\/en\/wp-json\/wp\/v2\/pages"}],"about":[{"href":"https:\/\/www.lacoloniadecarmela.com\/en\/wp-json\/wp\/v2\/types\/page"}],"author":[{"embeddable":true,"href":"https:\/\/www.lacoloniadecarmela.com\/en\/wp-json\/wp\/v2\/users\/1"}],"replies":[{"embeddable":true,"href":"https:\/\/www.lacoloniadecarmela.com\/en\/wp-json\/wp\/v2\/comments?post=1214"}],"version-history":[{"count":3,"href":"https:\/\/www.lacoloniadecarmela.com\/en\/wp-json\/wp\/v2\/pages\/1214\/revisions"}],"predecessor-version":[{"id":1225,"href":"https:\/\/www.lacoloniadecarmela.com\/en\/wp-json\/wp\/v2\/pages\/1214\/revisions\/1225"}],"wp:attachment":[{"href":"https:\/\/www.lacoloniadecarmela.com\/en\/wp-json\/wp\/v2\/media?parent=1214"}],"curies":[{"name":"wp","href":"https:\/\/api.w.org\/{rel}","templated":true}]}}