{"id":1143,"date":"2025-02-21T12:09:30","date_gmt":"2025-02-21T11:09:30","guid":{"rendered":"https:\/\/www.lacoloniadecarmela.com\/aviso-legal\/"},"modified":"2025-05-06T13:13:24","modified_gmt":"2025-05-06T11:13:24","slug":"aviso-legal","status":"publish","type":"page","link":"https:\/\/www.lacoloniadecarmela.com\/en\/aviso-legal\/","title":{"rendered":"LEGAL NOTICE"},"content":{"rendered":"\t\t<div data-elementor-type=\"wp-page\" data-elementor-id=\"1143\" class=\"elementor elementor-1143 elementor-269\" data-elementor-post-type=\"page\">\n\t\t\t\t<div class=\"elementor-element elementor-element-39ce84a0 e-flex e-con-boxed e-con e-parent\" data-id=\"39ce84a0\" data-element_type=\"container\" data-e-type=\"container\">\n\t\t\t\t\t<div class=\"e-con-inner\">\n\t\t\t\t<div class=\"elementor-element elementor-element-6fb7d22c elementor-widget elementor-widget-text-editor\" data-id=\"6fb7d22c\" data-element_type=\"widget\" data-e-type=\"widget\" data-widget_type=\"text-editor.default\">\n\t\t\t\t<div class=\"elementor-widget-container\">\n\t\t\t\t\t\t\t\t\t\n<h1>Aviso Legal<\/h1>\n<p> <\/p>\n<h3 class=\"wp-block-heading\">1. DATOS IDENTIFICATIVOS<\/h3>\n\n<p>Denominaci\u00f3n social: Veranos en Patacona, SL<\/p>\n\n<p>CIF: B75723163<\/p>\n\n<p>Domicilio social: Calle Isabel de Villena, 155. 46011-Val\u00e8ncia <\/p>\n\n<p>Tel\u00e9fono: +34684467791<\/p>\n\n<p>email: info@lacoloniadecarmela.com<\/p>\n\n<p>Inscrita en el Registro Mercantil de Valencia, Secci\u00f3n 8, Hoja V 222987 IRUS 1000440856357<\/p>\n\n<h3 class=\"wp-block-heading\">2. INFORMACI\u00d3N Y CONTENIDO DE LA WEB<\/h3>\n\n<p>En ning\u00fan caso se recaban datos de car\u00e1cter personal a trav\u00e9s del sitio web. Por tanto no se requiere ning\u00fan tipo de identificaci\u00f3n por parte del usuario para acceder al mismo. Solo en el caso de contactar mediante el formulario o por correo electr\u00f3nico procederemos a tratar sus datos para poder contestar a sus consultas. Asimismo en caso de realizar reserva desde la web y procederemos a informarle.   <\/p>\n\n<p>El presente sitio web tiene una finalidad informativa sobre los servicios y actividad de <span style=\"font-weight: 400;\">Veranos en Patacona S.L.<\/span><\/p>\n\n<p>El acceso a la web, as\u00ed como el uso de la informaci\u00f3n que contiene, son de la exclusiva responsabilidad del usuario. <span style=\"font-weight: 400;\">Veranos en Patacona S.L.<\/span> no es responsable de ning\u00fan perjuicio que pudiera derivarse de esos hechos.<\/p>\n\n<p>El titular del Sitio Web puede ofrecer a trav\u00e9s del Web, servicios o productos que podr\u00e1n encontrarse sometidos a unas condiciones particulares propias que, seg\u00fan los casos, sustituyen, completan y\/o modifican las presentes Condiciones, y sobre las cuales se informar\u00e1 al Usuario en cada caso concreto.<\/p>\n\n<p>La utilizaci\u00f3n del Web atribuye la condici\u00f3n de usuario del Web e implica la aceptaci\u00f3n plena y sin reservas de todas y cada una de las disposiciones incluidas en este Aviso Legal, en la versi\u00f3n publicada por <span style=\"font-weight: 400;\">Veranos en Patacona S.L.<\/span> en el momento mismo en que el Usuario acceda al Web. En consecuencia, el Usuario debe leer atentamente el presente Aviso Legal en cada una de las ocasiones en que se proponga utilizar el Web, ya que aqu\u00e9l puede sufrir modificaciones. <\/p>\n\n<p>El Usuario se compromete a utilizar el Web, los contenidos y servicios de conformidad con la Ley, el presente Aviso Legal, la pol\u00edtica de privacidad, las buenas costumbres y el orden p\u00fablico. Del mismo modo, el Usuario se obliga a no utilizar el Web o los servicios que se presten a trav\u00e9s de \u00e9l con fines o efectos il\u00edcitos o contrarios al contenido del presente Aviso Legal, lesivos de los intereses o derechos de terceros, o que de cualquier forma pueda da\u00f1ar, inutilizar o deteriorar el Web o sus servicios, o impedir un normal disfrute del Web por otros Usuarios. <\/p>\n\n<p>El Usuario es el \u00fanico responsable de las infracciones en las que pueda incurrir o de los perjuicios que pueda causar por la utilizaci\u00f3n del Web o de sus contenidos, quedando el titular del Web, sus socios, proveedores, colaboradores, empleados y representantes, exonerados de cualquier clase de responsabilidad que se pudiera derivar por las acciones del Usuario.<br>La disponibilidad del contenido puede verse interrumpida por problemas inform\u00e1ticos y\/o por fuerza mayor que <span style=\"font-weight: 400;\">Veranos en Patacona S.L.<\/span> intentar\u00e1 subsanar desde el momento de su conocimiento. Asimismo no garantizar de forma absoluta que el contenido o software al que pueda accederse est\u00e9 libre de error o de causar da\u00f1o. <\/p>\n\n<p>En los contenidos publicados pueden incluirse enlaces a p\u00e1ginas de sitios web de terceros, que se consideran pueden ser de inter\u00e9s para los usuarios. <span style=\"font-weight: 400;\">Veranos en Patacona S.L.<\/span> no asume ninguna responsabilidad derivada de las conexiones o los contenidos de esos enlaces o a cookies de terceros cuando se enlace con alguna de las redes sociales como Facebook.<\/p>\n\n<p>Queda prohibido los enlaces mediante frames o de cualquier otro tipo a im\u00e1genes o secciones de la web que permitan el acceso a esa informaci\u00f3n a trav\u00e9s de otro sitio web.<\/p>\n\n<h3 class=\"wp-block-heading\">3. FORMULARIOS DE CONTACTO<\/h3>\n\n<p>Los datos de contacto que nos facilita son tratados para poder responder a la consulta planteada. Una vez facilitada la contestaci\u00f3n se proceder\u00e1 a eliminarlos. <\/p>\n\n<h3 class=\"wp-block-heading\">4. DERECHOS DE PROPIEDAD INTELECTUAL<\/h3>\n\n<p>El sitio web, incluyendo a t\u00edtulo enunciativo pero no limitativo su programaci\u00f3n, edici\u00f3n, compilaci\u00f3n y dem\u00e1s elementos necesarios para su funcionamiento, los dise\u00f1os, logotipos, texto y\/o gr\u00e1ficos, son propiedad del RESPONSABLE o, si es el caso, dispone de licencia o autorizaci\u00f3n expresa por parte de los autores. Todos los contenidos del sitio web se encuentran debidamente protegidos por la normativa de propiedad intelectual e industrial, as\u00ed como inscritos en los registros p\u00fablicos correspondientes.<br>Independientemente de la finalidad para la que fueran destinados, la reproducci\u00f3n total o parcial, uso, explotaci\u00f3n, distribuci\u00f3n y comercializaci\u00f3n, requiere en todo caso la autorizaci\u00f3n escrita previa por parte del RESPONSABLE. Cualquier uso no autorizado previamente se considera un incumplimiento grave de los derechos de propiedad intelectual o industrial del autor.<br>Los dise\u00f1os, logotipos, texto y\/o gr\u00e1ficos ajenos al RESPONSABLE y que pudieran aparecer en el sitio web, pertenecen a sus respectivos propietarios, siendo ellos mismos responsables de cualquier posible controversia que pudiera suscitarse respecto a los mismos. El RESPONSABLE autoriza expresamente a que terceros puedan redirigir directamente a los contenidos concretos del sitio web, y en todo caso redirigir al sitio web principal de lacoloniadecarmela.com\/es.<br>El RESPONSABLE reconoce a favor de sus titulares los correspondientes derechos de propiedad intelectual, no implicando su sola menci\u00f3n o aparici\u00f3n en el sitio web la existencia de derechos o responsabilidad alguna sobre los mismos, como tampoco respaldo, patrocinio o recomendaci\u00f3n por parte del mismo.   <\/p>\n\n<h3 class=\"wp-block-heading\">5. EXENCI\u00d3N DE RESPONSABILIDADES<\/h3>\n\n<p>El Usuario es el \u00fanico responsable frente a cualquier reclamaci\u00f3n o acci\u00f3n legal, judicial o extrajudicial, iniciada por terceras personas contra el titular del Web basada en la utilizaci\u00f3n por el Usuario de los contenidos del contenidos<br>La disponibilidad del contenido puede verse interrumpida por problemas inform\u00e1ticos y\/o por fuerza mayor que <span style=\"font-weight: 400;\">Veranos en Patacona S.L.<\/span> intentar\u00e1 subsanar desde el momento de su conocimiento. Asimismo no garantizar de forma absoluta que el contenido o software al que pueda accederse est\u00e9 libre de error o de causar da\u00f1o. <\/p>\n\n<h3 class=\"wp-block-heading\">6. LEY APLICABLE Y JURISDICCI\u00d3N<\/h3>\n\n<p>Para la resoluci\u00f3n de todas las controversias o cuestiones relacionadas con el presente sitio web o de las actividades en \u00e9l desarrolladas, ser\u00e1 de aplicaci\u00f3n la legislaci\u00f3n espa\u00f1ola, a la que se someten expresamente las partes, siendo competentes para la resoluci\u00f3n de todos los conflictos derivados o relacionados con su uso los Juzgados y Tribunales m\u00e1s cercanos a VALENCIA.<\/p>\n\n<h3 class=\"wp-block-heading\">7. RESERVAS<\/h3>\n\n<p>En el caso de proceder a realizar una reserva, los datos que solicitamos son necesarios para proceder a la misma y la formalizaci\u00f3n y gesti\u00f3n de la reserva. Los datos relativos a posibles alergias son necesarios para la finalidad de recogida. Sus datos se guardar\u00e1n durante un a\u00f1o para tener estad\u00edsticas sobre las veces que ha vuelto a nuestro restaurante y poder atenderle mejor. Las reservas se realizan a trav\u00e9s de la aplicaci\u00f3n Cover manager, encargada del tratamiento de implementar las medidas de seguridad necesarias.   <\/p>\n\t\t\t\t\t\t\t\t<\/div>\n\t\t\t\t<\/div>\n\t\t\t\t\t<\/div>\n\t\t\t\t<\/div>\n\t\t\t\t<\/div>\n\t\t","protected":false},"excerpt":{"rendered":"<p>Aviso Legal 1. DATOS IDENTIFICATIVOS Denominaci\u00f3n social: Veranos en Patacona, SL CIF: B75723163 Domicilio social: Calle Isabel de Villena, 155. 46011-Val\u00e8ncia Tel\u00e9fono: +34684467791 email: info@lacoloniadecarmela.com Inscrita en el Registro Mercantil de Valencia, Secci\u00f3n 8, Hoja V 222987 IRUS 1000440856357 2. INFORMACI\u00d3N Y CONTENIDO DE LA WEB En ning\u00fan caso se recaban datos de car\u00e1cter personal [&hellip;]<\/p>\n","protected":false},"author":1,"featured_media":0,"parent":0,"menu_order":0,"comment_status":"closed","ping_status":"closed","template":"","meta":{"footnotes":""},"class_list":["post-1143","page","type-page","status-publish","hentry"],"_links":{"self":[{"href":"https:\/\/www.lacoloniadecarmela.com\/en\/wp-json\/wp\/v2\/pages\/1143","targetHints":{"allow":["GET"]}}],"collection":[{"href":"https:\/\/www.lacoloniadecarmela.com\/en\/wp-json\/wp\/v2\/pages"}],"about":[{"href":"https:\/\/www.lacoloniadecarmela.com\/en\/wp-json\/wp\/v2\/types\/page"}],"author":[{"embeddable":true,"href":"https:\/\/www.lacoloniadecarmela.com\/en\/wp-json\/wp\/v2\/users\/1"}],"replies":[{"embeddable":true,"href":"https:\/\/www.lacoloniadecarmela.com\/en\/wp-json\/wp\/v2\/comments?post=1143"}],"version-history":[{"count":7,"href":"https:\/\/www.lacoloniadecarmela.com\/en\/wp-json\/wp\/v2\/pages\/1143\/revisions"}],"predecessor-version":[{"id":1231,"href":"https:\/\/www.lacoloniadecarmela.com\/en\/wp-json\/wp\/v2\/pages\/1143\/revisions\/1231"}],"wp:attachment":[{"href":"https:\/\/www.lacoloniadecarmela.com\/en\/wp-json\/wp\/v2\/media?parent=1143"}],"curies":[{"name":"wp","href":"https:\/\/api.w.org\/{rel}","templated":true}]}}